{"id":16,"date":"2013-04-06T19:28:25","date_gmt":"2013-04-06T18:28:25","guid":{"rendered":"http:\/\/192.168.0.12:8080\/wordpress\/?page_id=16"},"modified":"2017-08-10T13:48:42","modified_gmt":"2017-08-10T11:48:42","slug":"uber-unity-software","status":"publish","type":"page","link":"https:\/\/unity-software.de\/?page_id=16","title":{"rendered":"\u00dcber Unity Software"},"content":{"rendered":"<p>Das Projekt &#8222;Unity Software&#8220; wurde 2013 von Christian Wasel gestartet um die Entwicklung der Unity Plattform und der darauf basierenden Anwendungen voran zu treiben. Die Unity Plattform ist mit ihren zahlreichen Modulen und Konzepten die Basis f\u00fcr serverbasierte Webapplikationen sowie mobile Apps f\u00fcr kundenorientierte Business-Anwendungen. Die wichtigsten Ziele f\u00fcr die Anwendungen sind Qualit\u00e4t, Einfachheit bei der Benutzung und gleichzeitig eine gro\u00dfe Funktionsvielfalt. Lesen Sie mehr \u00fcber unserer <a href=\"https:\/\/unity-software.de\/?page_id=79\">Philosophie<\/a>.<\/p>\n<p>&nbsp;<\/p>\n<p>Christian Wasel entwickelte und vermarketete bereits w\u00e4hrend des Studiums der Informationstechnik an der Technischen Universit\u00e4t M\u00fcnchen eingene Business-Software. Nach seinem Abschluss als Diplom-Ingenieur forschte er ab 2003 beim Deutschen Zentrum f\u00fcr Luft- und Raumfahrt in Oberpfaffenhofen im Rahmen des Forschungsprojektes Heywow zum Thema Datenkommunikation in heterogenen Mobilfunknetzen. Ab 2004 war er als Berater und Softwareentwickler bei der Conplan GmbH in verschiedenen Projekten in Deutschland und den USA in den Gesch\u00e4ftsfeldern R\u00fcckversicherung, Banken und Krankenkassen f\u00fcr namhafte Kunden t\u00e4tig. 2009 wechselte er dann zur M-net Telekommunikations GmbH um dort Aufgaben als Applikationsexperte, Projektleiter, Softwareentwickler und IT Architekt zu \u00fcbernehmen. Seit 2016 is er als Senior IT Architekt bei der Metafinanz GmbH innerhalb des Allianz Konzerns t\u00e4tig.<\/p>\n","protected":false},"excerpt":{"rendered":"<p>Das Projekt &#8222;Unity Software&#8220; wurde 2013 von Christian Wasel gestartet um die Entwicklung der Unity Plattform und der darauf basierenden Anwendungen voran zu treiben. Die Unity Plattform ist mit ihren zahlreichen Modulen und Konzepten die Basis f\u00fcr serverbasierte Webapplikationen sowie mobile Apps f\u00fcr kundenorientierte Business-Anwendungen. Die wichtigsten Ziele f\u00fcr die Anwendungen sind Qualit\u00e4t, Einfachheit bei&hellip; <br \/> <a class=\"button small blue\" href=\"https:\/\/unity-software.de\/?page_id=16\">Weiterlesen<\/a><\/p>\n","protected":false},"author":1,"featured_media":0,"parent":0,"menu_order":1,"comment_status":"closed","ping_status":"closed","template":"","meta":{"footnotes":""},"categories":[2],"tags":[],"class_list":["post-16","page","type-page","status-publish","hentry","category-allgemein"],"_links":{"self":[{"href":"https:\/\/unity-software.de\/index.php?rest_route=\/wp\/v2\/pages\/16","targetHints":{"allow":["GET"]}}],"collection":[{"href":"https:\/\/unity-software.de\/index.php?rest_route=\/wp\/v2\/pages"}],"about":[{"href":"https:\/\/unity-software.de\/index.php?rest_route=\/wp\/v2\/types\/page"}],"author":[{"embeddable":true,"href":"https:\/\/unity-software.de\/index.php?rest_route=\/wp\/v2\/users\/1"}],"replies":[{"embeddable":true,"href":"https:\/\/unity-software.de\/index.php?rest_route=%2Fwp%2Fv2%2Fcomments&post=16"}],"version-history":[{"count":3,"href":"https:\/\/unity-software.de\/index.php?rest_route=\/wp\/v2\/pages\/16\/revisions"}],"predecessor-version":[{"id":346,"href":"https:\/\/unity-software.de\/index.php?rest_route=\/wp\/v2\/pages\/16\/revisions\/346"}],"wp:attachment":[{"href":"https:\/\/unity-software.de\/index.php?rest_route=%2Fwp%2Fv2%2Fmedia&parent=16"}],"wp:term":[{"taxonomy":"category","embeddable":true,"href":"https:\/\/unity-software.de\/index.php?rest_route=%2Fwp%2Fv2%2Fcategories&post=16"},{"taxonomy":"post_tag","embeddable":true,"href":"https:\/\/unity-software.de\/index.php?rest_route=%2Fwp%2Fv2%2Ftags&post=16"}],"curies":[{"name":"wp","href":"https:\/\/api.w.org\/{rel}","templated":true}]}}