{"id":379,"date":"2017-07-06T22:06:56","date_gmt":"2017-07-06T20:06:56","guid":{"rendered":"https:\/\/unity-software.de\/?page_id=379"},"modified":"2020-04-07T13:49:03","modified_gmt":"2020-04-07T11:49:03","slug":"one-page-express","status":"publish","type":"page","link":"https:\/\/unity-software.de\/","title":{"rendered":"Front Page"},"content":{"rendered":"<div  id=\"overlapable-2\" style=\"background-color: #ffffff;\" data-label=\"Overlapable\" data-id=\"stripped-coloured-icon-boxes\" data-category=\"overlapable\" class=\"features-coloured-icon-boxes-section\" data-overlap=\"true\"> <div  class=\"gridContainer\"> <div  class=\"features-coloured-icon-boxes-innerrow flexbox-list dark-text\" data-type=\"row\"> <div  class=\"features-coloured-icon-boxes-featurecol cp3cols\"> <div  class=\"features-coloured-icon-boxes-iconcontainer\" data-content-item-container=\"true\"> <i  data-cp-fa=\"true\" class=\"features-coloured-icon fa fa-server\"><\/i> <\/div> <h4  class=\"\">IT Asset Management<\/h4> <p  class=\"\">Dokumentation von Applikationen, Komponenten, Lizenzen, Servern, Webservices, Netzwerken, Datencenter<\/p> <a  class=\"features-coloured-button\" href=\"\" target=\"_self\" rel=\"noopener noreferrer\">Mehr Info<\/a> <\/div> <div  class=\"features-coloured-icon-boxes-featurecol cp3cols\"> <div  class=\"features-coloured-icon-boxes-iconcontainer\" data-content-item-container=\"true\"> <i  data-cp-fa=\"true\" class=\"features-coloured-icon fa fa-cogs\"><\/i> <\/div> <h4  class=\"\">IT Prozess Management<\/h4> <p  class=\"\">Prozesseunterst\u00fctzung f\u00fcr den IT Support, Anforderungs- und Releasemanagement, Deployments, klassisch und agil<\/p> <a  class=\"features-coloured-button\" href=\"#\" target=\"_self\" rel=\"noopener noreferrer\">Mehr Info<\/a> <\/div> <div  class=\"features-coloured-icon-boxes-featurecol cp3cols\"> <div  class=\"features-coloured-icon-boxes-iconcontainer\" data-content-item-container=\"true\"> <i  data-cp-fa=\"true\" class=\"features-coloured-icon fa fa-database\"><\/i> <\/div> <h4  class=\"\">IT Modelling<\/h4> <p  class=\"\">Dokumentation beliebiger Datenmodelle mit Attributen, \u00dcbersetzungen, Wertelisten sowie auch von Prozessemodelle<\/p> <a  class=\"features-coloured-button\" href=\"\" target=\"_self\" rel=\"noopener noreferrer\">Mehr Info<\/a> <\/div> <div  class=\"features-coloured-icon-boxes-featurecol cp3cols\"> <div  class=\"features-coloured-icon-boxes-iconcontainer\" data-content-item-container=\"true\"> <i  data-cp-fa=\"true\" class=\"features-coloured-icon fa fa-book\"><\/i> <\/div> <h4  class=\"\">Knowledge Management<\/h4> <p  class=\"\">Strukturierte Erfassung des Unternehmenswissen in Artikeln, News, Glossaren und FAQs f\u00fcr beliebige Bereiche<\/p> <a  class=\"features-coloured-button\" href=\"#\" target=\"_self\" rel=\"noopener noreferrer\">Mehr Info<\/a> <\/div> <\/div> <\/div><\/div><div  id=\"about-1\" style=\"background-color: rgb(246, 246, 246);\" data-label=\"About\" data-id=\"about-big-images-section\" data-category=\"about\" class=\"about-big-images-section\"> <div  class=\"gridContainer\"> <div  class=\"about-big-images-textrow\"> <div  class=\"about-big-images-textcol dynamic-color\" data-type=\"column\">  <h3  class=\"\">Ganzheitliche Perspektive <span  href=\"#\" class=\"span25\">auf Ihre Unternehmensdaten<\/span> in einer Anwendung<\/h3> <p  class=\"\">Unity One bietet durch die Vernetzung der verschiedenen Module einen ganzheitlichen Blick auf Ihre UNternehmensfaten. Damit vereinfachen Sie Ihre Arbeitsprozesse, da alles in einer einzigen Anwendung berarbeitet werden kann.<\/p>  <\/div> <\/div> <\/div> <div  class=\"about-big-images-bottomrow\"> <div  class=\"about-big-images-leftimgcol\"><img decoding=\"async\"  class=\"about-big-images-leftimg\" src=\"https:\/\/unity-software.de\/wp-content\/uploads\/2020\/04\/organization-1205171_1280.jpg\"> <\/div> <div  class=\"about-big-images-centerimgcol\"><img decoding=\"async\"  class=\"about-big-images-centerimg\" src=\"https:\/\/unity-software.de\/wp-content\/plugins\/one-page-express-companion\/theme-data\/one-page-express\/sections\/images\/ir5likvfqc4-william-iven-1920x1275.jpg\"> <\/div> <div  class=\"about-big-images-rightimgcol\"><img decoding=\"async\"  class=\"about-big-images-rightimg\" src=\"https:\/\/unity-software.de\/wp-content\/plugins\/one-page-express-companion\/theme-data\/one-page-express\/sections\/images\/project1.jpg\"> <\/div> <\/div> <\/div><div  data-label=\"Latest posts\" data-id=\"blog-section\" data-category=\"latest_news\" class=\"blog-section\" style=\"background-color: rgb(255, 255, 255);\" id=\"latest-posts\"> <div  class=\"gridContainer\"> <div  class=\"blog-textrow\"> <div  class=\"blog-textcol dynamic-color\" data-type=\"column\"> <h2  class=\"\">Aktuelle Artikel<\/h2>  <\/div> <\/div> <div  class=\"blog-postsrow dark-text\" data-type=\"row\" data-dynamic-columns=\"one_page_express_latest_news_columns\" data-content-shortcode=\"one_page_express_latest_news\">\t\t\t<div id=\"post-543\" class=\"blog-postcol cp4cols\">\n\t\t\t<div class=\"post-content\">\n\t\t\t\t\t\t\t\t\t<a class=\"post-list-item-thumb\" href=\"https:\/\/unity-software.de\/?p=543\">\n\t\t\t\t\t\t<img loading=\"lazy\" decoding=\"async\" width=\"1024\" height=\"683\" src=\"https:\/\/unity-software.de\/wp-content\/uploads\/2020\/04\/code-820275_1920-1024x683.jpg\" class=\"attachment-post-thumbnail size-post-thumbnail wp-post-image\" alt=\"\" srcset=\"https:\/\/unity-software.de\/wp-content\/uploads\/2020\/04\/code-820275_1920-1024x683.jpg 1024w, https:\/\/unity-software.de\/wp-content\/uploads\/2020\/04\/code-820275_1920-300x200.jpg 300w, https:\/\/unity-software.de\/wp-content\/uploads\/2020\/04\/code-820275_1920-768x512.jpg 768w, https:\/\/unity-software.de\/wp-content\/uploads\/2020\/04\/code-820275_1920-1536x1024.jpg 1536w, https:\/\/unity-software.de\/wp-content\/uploads\/2020\/04\/code-820275_1920-1620x1080.jpg 1620w, https:\/\/unity-software.de\/wp-content\/uploads\/2020\/04\/code-820275_1920-e1586259704867.jpg 400w\" sizes=\"auto, (max-width: 1024px) 100vw, 1024px\" \/>\t\t\t\t\t<\/a>\n\t\t\t\t\t\t\t\t<div class=\"row_345\">\n\t\t\t\t\t<h3 class=\"blog-title\">\n\t\t\t\t\t\t<a href=\"https:\/\/unity-software.de\/?p=543\" rel=\"bookmark\">\n\t\t\t\t\t\t\tQualit\u00e4t braucht Zeit\t\t\t\t\t\t<\/a>\n\t\t\t\t\t<\/h3>\n\t\t\t\t\t<p>Wenn heutzutage eine neues Produkt auf den Markt gebracht werden soll, muss es meist sehr schnell gehen. Egal ob es sich um einen neuen Fernseher, Smartphone oder auch um Software geht. Bei Softwareanwendungen gibt es auch den sch\u00f6nen Begriff &#8222;Minimal Viable Product&#8220; (MVP).<\/p>\n\t\t\t\t\t<a class=\"button blue small\" href=\"https:\/\/unity-software.de\/?p=543\">\n\t\t\t\t\t\t<span data-theme=\"one_page_express_latest_news_read_more\">Read more<\/span>\n\t\t\t\t\t<\/a>\n\t\t\t\t\t<hr class=\"blog-separator\">\n<div class=\"post-header\">\n    <i class=\"font-icon-post fa fa-user\"><\/i>\n    <a href=\"https:\/\/unity-software.de\/?author=1\" title=\"Beitr\u00e4ge von Christian Wasel\" rel=\"author\">Christian Wasel<\/a>    <i class=\"font-icon-post fa fa-calendar\"><\/i>\n    <span class=\"span12\">03.04.2020<\/span>\n\n    <i class=\"font-icon-post fa fa-comment-o\"><\/i>\n    <span>0<\/span>\n<\/div>\t\t\t\t<\/div>\n\t\t\t<\/div>\n\t\t<\/div>\n\t\t\t\t<div id=\"post-535\" class=\"blog-postcol cp4cols\">\n\t\t\t<div class=\"post-content\">\n\t\t\t\t\t\t\t\t\t<a class=\"post-list-item-thumb\" href=\"https:\/\/unity-software.de\/?p=535\">\n\t\t\t\t\t\t<img loading=\"lazy\" decoding=\"async\" width=\"1024\" height=\"682\" src=\"https:\/\/unity-software.de\/wp-content\/uploads\/2020\/04\/network-1989146_1280-1024x682.png\" class=\"attachment-post-thumbnail size-post-thumbnail wp-post-image\" alt=\"\" srcset=\"https:\/\/unity-software.de\/wp-content\/uploads\/2020\/04\/network-1989146_1280-1024x682.png 1024w, https:\/\/unity-software.de\/wp-content\/uploads\/2020\/04\/network-1989146_1280-300x200.png 300w, https:\/\/unity-software.de\/wp-content\/uploads\/2020\/04\/network-1989146_1280-768x512.png 768w, https:\/\/unity-software.de\/wp-content\/uploads\/2020\/04\/network-1989146_1280-e1586259230716.png 400w\" sizes=\"auto, (max-width: 1024px) 100vw, 1024px\" \/>\t\t\t\t\t<\/a>\n\t\t\t\t\t\t\t\t<div class=\"row_345\">\n\t\t\t\t\t<h3 class=\"blog-title\">\n\t\t\t\t\t\t<a href=\"https:\/\/unity-software.de\/?p=535\" rel=\"bookmark\">\n\t\t\t\t\t\t\tRaus aus der Plugin-H\u00f6lle\t\t\t\t\t\t<\/a>\n\t\t\t\t\t<\/h3>\n\t\t\t\t\t<p>Haben sie das auch schon erlebt? Sie haben eine Applikation in Betrieb und stellen fest, dass viele praktische oder sogar notwendige Funktionalit\u00e4ten nicht ideal ausgebaut sind oder sogar fehlen? Aber zum Gl\u00fcck bietet der Hersteller einen &#8222;Market&#8220; und sie k\u00f6nnen zus\u00e4tzlich Drittanbieter-Plugins installieren. Tolle Sache&#8230; eigentlich.<\/p>\n\t\t\t\t\t<a class=\"button blue small\" href=\"https:\/\/unity-software.de\/?p=535\">\n\t\t\t\t\t\t<span data-theme=\"one_page_express_latest_news_read_more\">Read more<\/span>\n\t\t\t\t\t<\/a>\n\t\t\t\t\t<hr class=\"blog-separator\">\n<div class=\"post-header\">\n    <i class=\"font-icon-post fa fa-user\"><\/i>\n    <a href=\"https:\/\/unity-software.de\/?author=1\" title=\"Beitr\u00e4ge von Christian Wasel\" rel=\"author\">Christian Wasel<\/a>    <i class=\"font-icon-post fa fa-calendar\"><\/i>\n    <span class=\"span12\">02.04.2020<\/span>\n\n    <i class=\"font-icon-post fa fa-comment-o\"><\/i>\n    <span>0<\/span>\n<\/div>\t\t\t\t<\/div>\n\t\t\t<\/div>\n\t\t<\/div>\n\t\t<\/div> <div  class=\"blog-textcol\"> <a  class=\"button blue\" data-attr-shortcode=\"href:one_page_express_blog_link\" href=\"https:\/\/unity-software.de\/?page_id=380\">Alle Artikel anzeigen<\/a> <\/div> <\/div><\/div>","protected":false},"excerpt":{"rendered":"<p>IT Asset Management Dokumentation von Applikationen, Komponenten, Lizenzen, Servern, Webservices, Netzwerken, Datencenter Mehr Info IT Prozess Management Prozesseunterst\u00fctzung f\u00fcr den IT Support, Anforderungs- und Releasemanagement, Deployments, klassisch und agil Mehr Info IT Modelling Dokumentation beliebiger Datenmodelle mit Attributen, \u00dcbersetzungen, Wertelisten sowie auch von Prozessemodelle Mehr Info Knowledge Management Strukturierte Erfassung des Unternehmenswissen in Artikeln, News,&hellip; <br \/> <a class=\"button small blue\" href=\"https:\/\/unity-software.de\/?p=535\">Weiterlesen<\/a><\/p>\n","protected":false},"author":1,"featured_media":0,"parent":0,"menu_order":0,"comment_status":"closed","ping_status":"closed","template":"","meta":{"footnotes":""},"categories":[2],"tags":[],"class_list":["post-379","page","type-page","status-publish","hentry","category-allgemein"],"_links":{"self":[{"href":"https:\/\/unity-software.de\/index.php?rest_route=\/wp\/v2\/pages\/379","targetHints":{"allow":["GET"]}}],"collection":[{"href":"https:\/\/unity-software.de\/index.php?rest_route=\/wp\/v2\/pages"}],"about":[{"href":"https:\/\/unity-software.de\/index.php?rest_route=\/wp\/v2\/types\/page"}],"author":[{"embeddable":true,"href":"https:\/\/unity-software.de\/index.php?rest_route=\/wp\/v2\/users\/1"}],"replies":[{"embeddable":true,"href":"https:\/\/unity-software.de\/index.php?rest_route=%2Fwp%2Fv2%2Fcomments&post=379"}],"version-history":[{"count":18,"href":"https:\/\/unity-software.de\/index.php?rest_route=\/wp\/v2\/pages\/379\/revisions"}],"predecessor-version":[{"id":638,"href":"https:\/\/unity-software.de\/index.php?rest_route=\/wp\/v2\/pages\/379\/revisions\/638"}],"wp:attachment":[{"href":"https:\/\/unity-software.de\/index.php?rest_route=%2Fwp%2Fv2%2Fmedia&parent=379"}],"wp:term":[{"taxonomy":"category","embeddable":true,"href":"https:\/\/unity-software.de\/index.php?rest_route=%2Fwp%2Fv2%2Fcategories&post=379"},{"taxonomy":"post_tag","embeddable":true,"href":"https:\/\/unity-software.de\/index.php?rest_route=%2Fwp%2Fv2%2Ftags&post=379"}],"curies":[{"name":"wp","href":"https:\/\/api.w.org\/{rel}","templated":true}]}}